{"id":629,"date":"2016-07-25T07:50:45","date_gmt":"2016-07-25T07:50:45","guid":{"rendered":"https:\/\/www.ingarde.com\/about\/"},"modified":"2018-01-12T17:04:33","modified_gmt":"2018-01-12T16:04:33","slug":"presentation","status":"publish","type":"page","link":"https:\/\/www.ingarde.com\/fr\/presentation\/","title":{"rendered":"Pr\u00e9sentation"},"content":{"rendered":"<div class=\"wpb-content-wrapper\"><p>[vc_row][vc_column][vc_column_text]<\/p>\n<p class=\"m_1401949935214289917gmail-m_6343934869464479357gmail-p1\">In Garde est une agence d\u2019artistes techniciens de l\u2019audiovisuel bas\u00e9e \u00e0 Paris.<\/p>\n<p class=\"m_1401949935214289917gmail-m_6343934869464479357gmail-p1\">Elle a pour vocation de tisser des liens forts entre artistes et producteurs partout en Europe mais aussi \u00e0 l&#8217;international.<span class=\"m_1401949935214289917gmail-m_6343934869464479357gmail-Apple-converted-space\">\u00a0<\/span><\/p>\n<p class=\"m_1401949935214289917gmail-m_6343934869464479357gmail-p1\">Nous repr\u00e9sentons des directeurs de photographie, des ing\u00e9nieurs son, des directeurs artistiques, des cr\u00e9ateurs de documentaires, des artistes VFX et bien d\u2019autres encore \u00e0 venir, qui ont tous un d\u00e9nominateur commun : le talent.<\/p>\n<p>[\/vc_column_text][vc_empty_space height=&#8221;100px&#8221;][\/vc_column][\/vc_row]<\/p>\n<\/div>","protected":false},"excerpt":{"rendered":"<p>[vc_row][vc_column][vc_column_text] In Garde est une agence d\u2019artistes techniciens de l\u2019audiovisuel bas\u00e9e \u00e0 Paris. Elle a pour vocation de tisser des liens forts entre artistes et producteurs partout en Europe mais aussi \u00e0 l&#8217;international.\u00a0 Nous repr\u00e9sentons des directeurs de photographie, des ing\u00e9nieurs son, des directeurs artistiques, des cr\u00e9ateurs de documentaires, des artistes VFX et bien d\u2019autres<a class=\"read-more\" href=\"https:\/\/www.ingarde.com\/fr\/presentation\/\">Continue reading <i class=\"fa fa-angle-right fa-lg\"><\/i><\/a><\/p>\n","protected":false},"author":1,"featured_media":0,"parent":0,"menu_order":0,"comment_status":"closed","ping_status":"closed","template":"","meta":{"footnotes":""},"class_list":["post-629","page","type-page","status-publish","hentry"],"yoast_head":"<!-- This site is optimized with the Yoast SEO plugin v25.3.1 - https:\/\/yoast.com\/wordpress\/plugins\/seo\/ -->\n<title>Pr\u00e9sentation - In Garde Agency<\/title>\n<meta name=\"robots\" content=\"index, follow, max-snippet:-1, max-image-preview:large, max-video-preview:-1\" \/>\n<link rel=\"canonical\" href=\"https:\/\/www.ingarde.com\/about\/\" \/>\n<meta property=\"og:locale\" content=\"fr_FR\" \/>\n<meta property=\"og:type\" content=\"article\" \/>\n<meta property=\"og:title\" content=\"Pr\u00e9sentation - In Garde Agency\" \/>\n<meta property=\"og:description\" content=\"[vc_row][vc_column][vc_column_text] In Garde est une agence d\u2019artistes techniciens de l\u2019audiovisuel bas\u00e9e \u00e0 Paris. Elle a pour vocation de tisser des liens forts entre artistes et producteurs partout en Europe mais aussi \u00e0 l&#8217;international.\u00a0 Nous repr\u00e9sentons des directeurs de photographie, des ing\u00e9nieurs son, des directeurs artistiques, des cr\u00e9ateurs de documentaires, des artistes VFX et bien d\u2019autresContinue reading\" \/>\n<meta property=\"og:url\" content=\"https:\/\/www.ingarde.com\/about\/\" \/>\n<meta property=\"og:site_name\" content=\"In Garde Agency\" \/>\n<meta property=\"article:modified_time\" content=\"2018-01-12T16:04:33+00:00\" \/>\n<meta name=\"twitter:card\" content=\"summary_large_image\" \/>\n<script type=\"application\/ld+json\" class=\"yoast-schema-graph\">{\"@context\":\"https:\/\/schema.org\",\"@graph\":[{\"@type\":\"WebPage\",\"@id\":\"https:\/\/www.ingarde.com\/about\/\",\"url\":\"https:\/\/www.ingarde.com\/about\/\",\"name\":\"Pr\u00e9sentation - In Garde Agency\",\"isPartOf\":{\"@id\":\"https:\/\/www.ingarde.com\/#website\"},\"datePublished\":\"2016-07-25T07:50:45+00:00\",\"dateModified\":\"2018-01-12T16:04:33+00:00\",\"breadcrumb\":{\"@id\":\"https:\/\/www.ingarde.com\/about\/#breadcrumb\"},\"inLanguage\":\"fr-FR\",\"potentialAction\":[{\"@type\":\"ReadAction\",\"target\":[\"https:\/\/www.ingarde.com\/about\/\"]}]},{\"@type\":\"BreadcrumbList\",\"@id\":\"https:\/\/www.ingarde.com\/about\/#breadcrumb\",\"itemListElement\":[{\"@type\":\"ListItem\",\"position\":1,\"name\":\"Home\",\"item\":\"https:\/\/www.ingarde.com\/fr\/\"},{\"@type\":\"ListItem\",\"position\":2,\"name\":\"Pr\u00e9sentation\"}]},{\"@type\":\"WebSite\",\"@id\":\"https:\/\/www.ingarde.com\/#website\",\"url\":\"https:\/\/www.ingarde.com\/\",\"name\":\"In Garde Agency\",\"description\":\"\",\"potentialAction\":[{\"@type\":\"SearchAction\",\"target\":{\"@type\":\"EntryPoint\",\"urlTemplate\":\"https:\/\/www.ingarde.com\/?s={search_term_string}\"},\"query-input\":{\"@type\":\"PropertyValueSpecification\",\"valueRequired\":true,\"valueName\":\"search_term_string\"}}],\"inLanguage\":\"fr-FR\"}]}<\/script>\n<!-- \/ Yoast SEO plugin. -->","yoast_head_json":{"title":"Pr\u00e9sentation - In Garde Agency","robots":{"index":"index","follow":"follow","max-snippet":"max-snippet:-1","max-image-preview":"max-image-preview:large","max-video-preview":"max-video-preview:-1"},"canonical":"https:\/\/www.ingarde.com\/about\/","og_locale":"fr_FR","og_type":"article","og_title":"Pr\u00e9sentation - In Garde Agency","og_description":"[vc_row][vc_column][vc_column_text] In Garde est une agence d\u2019artistes techniciens de l\u2019audiovisuel bas\u00e9e \u00e0 Paris. Elle a pour vocation de tisser des liens forts entre artistes et producteurs partout en Europe mais aussi \u00e0 l&#8217;international.\u00a0 Nous repr\u00e9sentons des directeurs de photographie, des ing\u00e9nieurs son, des directeurs artistiques, des cr\u00e9ateurs de documentaires, des artistes VFX et bien d\u2019autresContinue reading","og_url":"https:\/\/www.ingarde.com\/about\/","og_site_name":"In Garde Agency","article_modified_time":"2018-01-12T16:04:33+00:00","twitter_card":"summary_large_image","schema":{"@context":"https:\/\/schema.org","@graph":[{"@type":"WebPage","@id":"https:\/\/www.ingarde.com\/about\/","url":"https:\/\/www.ingarde.com\/about\/","name":"Pr\u00e9sentation - In Garde Agency","isPartOf":{"@id":"https:\/\/www.ingarde.com\/#website"},"datePublished":"2016-07-25T07:50:45+00:00","dateModified":"2018-01-12T16:04:33+00:00","breadcrumb":{"@id":"https:\/\/www.ingarde.com\/about\/#breadcrumb"},"inLanguage":"fr-FR","potentialAction":[{"@type":"ReadAction","target":["https:\/\/www.ingarde.com\/about\/"]}]},{"@type":"BreadcrumbList","@id":"https:\/\/www.ingarde.com\/about\/#breadcrumb","itemListElement":[{"@type":"ListItem","position":1,"name":"Home","item":"https:\/\/www.ingarde.com\/fr\/"},{"@type":"ListItem","position":2,"name":"Pr\u00e9sentation"}]},{"@type":"WebSite","@id":"https:\/\/www.ingarde.com\/#website","url":"https:\/\/www.ingarde.com\/","name":"In Garde Agency","description":"","potentialAction":[{"@type":"SearchAction","target":{"@type":"EntryPoint","urlTemplate":"https:\/\/www.ingarde.com\/?s={search_term_string}"},"query-input":{"@type":"PropertyValueSpecification","valueRequired":true,"valueName":"search_term_string"}}],"inLanguage":"fr-FR"}]}},"_links":{"self":[{"href":"https:\/\/www.ingarde.com\/fr\/wp-json\/wp\/v2\/pages\/629","targetHints":{"allow":["GET"]}}],"collection":[{"href":"https:\/\/www.ingarde.com\/fr\/wp-json\/wp\/v2\/pages"}],"about":[{"href":"https:\/\/www.ingarde.com\/fr\/wp-json\/wp\/v2\/types\/page"}],"author":[{"embeddable":true,"href":"https:\/\/www.ingarde.com\/fr\/wp-json\/wp\/v2\/users\/1"}],"replies":[{"embeddable":true,"href":"https:\/\/www.ingarde.com\/fr\/wp-json\/wp\/v2\/comments?post=629"}],"version-history":[{"count":7,"href":"https:\/\/www.ingarde.com\/fr\/wp-json\/wp\/v2\/pages\/629\/revisions"}],"predecessor-version":[{"id":1185,"href":"https:\/\/www.ingarde.com\/fr\/wp-json\/wp\/v2\/pages\/629\/revisions\/1185"}],"wp:attachment":[{"href":"https:\/\/www.ingarde.com\/fr\/wp-json\/wp\/v2\/media?parent=629"}],"curies":[{"name":"wp","href":"https:\/\/api.w.org\/{rel}","templated":true}]}}